{"id":12139,"date":"2020-06-10T11:50:41","date_gmt":"2020-06-10T11:50:41","guid":{"rendered":"https:\/\/atravesdelpassatge.com\/?page_id=12139"},"modified":"2024-01-03T18:02:32","modified_gmt":"2024-01-03T18:02:32","slug":"sobre-nosotros","status":"publish","type":"page","link":"https:\/\/atravesdelpassatge.com\/es\/sobre-nosotros\/","title":{"rendered":"Sobre nosotros"},"content":{"rendered":"\t\t<div data-elementor-type=\"wp-page\" data-elementor-id=\"12139\" class=\"elementor elementor-12139 elementor-360\">\n\t\t\t\t\t\t\t\t\t<section class=\"elementor-section elementor-top-section elementor-element elementor-element-78f2d11 elementor-section-boxed elementor-section-height-default elementor-section-height-default\" data-id=\"78f2d11\" data-element_type=\"section\">\n\t\t\t\t\t\t<div class=\"elementor-container elementor-column-gap-default\">\n\t\t\t\t\t<div class=\"elementor-column elementor-col-100 elementor-top-column elementor-element elementor-element-0625732\" data-id=\"0625732\" data-element_type=\"column\">\n\t\t\t<div class=\"elementor-widget-wrap elementor-element-populated\">\n\t\t\t\t\t\t\t\t<div class=\"elementor-element elementor-element-0aec24e elementor-widget elementor-widget-heading\" data-id=\"0aec24e\" data-element_type=\"widget\" data-widget_type=\"heading.default\">\n\t\t\t\t<div class=\"elementor-widget-container\">\n\t\t\t<style>\/*! elementor - v3.13.3 - 28-05-2023 *\/\n.elementor-heading-title{padding:0;margin:0;line-height:1}.elementor-widget-heading .elementor-heading-title[class*=elementor-size-]>a{color:inherit;font-size:inherit;line-height:inherit}.elementor-widget-heading .elementor-heading-title.elementor-size-small{font-size:15px}.elementor-widget-heading .elementor-heading-title.elementor-size-medium{font-size:19px}.elementor-widget-heading .elementor-heading-title.elementor-size-large{font-size:29px}.elementor-widget-heading .elementor-heading-title.elementor-size-xl{font-size:39px}.elementor-widget-heading .elementor-heading-title.elementor-size-xxl{font-size:59px}<\/style><h1 class=\"elementor-heading-title elementor-size-default\">A Trav\u00e9s del Passatge<\/h1>\t\t<\/div>\n\t\t\t\t<\/div>\n\t\t\t\t\t<\/div>\n\t\t<\/div>\n\t\t\t\t\t\t\t<\/div>\n\t\t<\/section>\n\t\t\t\t<section class=\"elementor-section elementor-top-section elementor-element elementor-element-6054a29 elementor-section-boxed elementor-section-height-default elementor-section-height-default\" data-id=\"6054a29\" data-element_type=\"section\">\n\t\t\t\t\t\t<div class=\"elementor-container elementor-column-gap-default\">\n\t\t\t\t\t<div class=\"elementor-column elementor-col-50 elementor-top-column elementor-element elementor-element-9643d4d\" data-id=\"9643d4d\" data-element_type=\"column\">\n\t\t\t<div class=\"elementor-widget-wrap elementor-element-populated\">\n\t\t\t\t\t\t\t\t<div class=\"elementor-element elementor-element-29be8fb akin-star-rating--align-center elementor-widget elementor-widget-witr_section_title\" data-id=\"29be8fb\" data-element_type=\"widget\" data-widget_type=\"witr_section_title.default\">\n\t\t\t\t<div class=\"elementor-widget-container\">\n\t\t\t\t\t\t\t\t<!-- title left -->\n\t\t\t\t\t<div class=\"witr_section_title\">\n\t\t\t\t\t\t<div class=\"witr_section_title_inner text-left\">\n\t\t\t\t\t\t\n\t\t\t\t\t\t\t<!-- icon position -->\n\t\t\t\t\t\t\t\t\n\t\t\t\t\t\t\t<!-- end icon position -->\n\t\t\t\t\t\t\n\t\t\t\t\t\t\n\t\t\t\t\t\t\t<!-- title top -->\n\t\t\t\t\t\t\t\n\t\t\t\t\t\t\t<!-- icon position -->\n\t\t\t\t\t\t\t\t\n\t\t\t\t\t\t\t<!-- end icon position -->\n\n\t\t\t\t\t\t\t\n\t\t\t\t\t\t\t<!-- title middle -->\n\t\t\t\t\t\t\t\t\t\t\t\t\t\t<!-- title bottom -->\n\t\t\t\t\t\t\t\t\t\t\t\t\t\t\n\t\t\t\t\t\t\t<!-- icon position -->\n\t\t\t\t\t\t\t\t\t\t\t\t\t\t\n\t\t\t\t\t\t\t<!-- image -->\n\t\t\t\t\t\t\t\t\t\t\t\t\t\t<!-- icon -->\n\t\t\t\t\t\t\t\t\t\t\t\t\t\t\n\t\t\t\t\t\t\t<!-- bar -->\n\t\t\t\t\t\t\t\t\t\t\t\t\t\t\n\t\t\t\t\t\t\t\t<div class=\"witr_bar_main\">\n\t\t\t\t\t\t\t\t\t<div class=\"witr_bar_inner\">\n\t\t\t\t\t\t\t\t\t<\/div>\n\t\t\t\t\t\t\t\t<\/div>\n\t\t\t\t\t\t\t\t\t\t\t\t\t\t<!-- circle bar -->\n\t\t\t\t\t\t\t\t\t\t\t\t\t\t\n\t\t\t\t\t\t\t\t\n\t\t\t\t\t\t\t<!-- end icon position -->\n\n\t\t\t\t\t\t\t<!-- content -->\n\t\t\t\t\t\t\t\t\t\t\t\t\t\t\t<p>A veces los proyectos empiezan mucho antes de nosotros saberlo. De muy peque\u00f1a, ya dibuj\u00e9 el pasaje con mucha ilusi\u00f3n. As\u00ed que quiz\u00e1s siempre he cre\u00eddo en lugares as\u00ed y este proyecto comenz\u00f3 de forma inconsciente hace muchos a\u00f1os.\n<br><br>\nAntiguamente se trataba de una casa con un \u00fanico acceso con un patio en la parte trasera, como el resto de casas de alrededor. Y fue mi abuelo el que decidi\u00f3 construir s\u00f3lo en un lateral de la parcela y abrir paso a un nuevo eje comercial, para el pueblo.\n<br><br>\nHistoria del pasaje. Fotograf\u00edas desde 1992.\n<br><br>\n\u00abLos pasajes son casas o pasillos que no tienen ning\u00fan lado exterior, al igual que los sue\u00f1os\u00bb Walter Benjamin.\n <\/p>\t\t\n\t\t\t\t\t\t\t\t\t\t\t\t\t<\/div>\n\t\t\t\t\t\t\t<!-- inner title -->\n\t\t\t\t\t\t\t\t\t\t\t\t\t\n\t\t\t\t\t<\/div>\t\t\t\t\n\t\t\t\t\t\t<\/div>\n\t\t\t\t<\/div>\n\t\t\t\t\t<\/div>\n\t\t<\/div>\n\t\t\t\t<div class=\"elementor-column elementor-col-50 elementor-top-column elementor-element elementor-element-1aa8a05\" data-id=\"1aa8a05\" data-element_type=\"column\">\n\t\t\t<div class=\"elementor-widget-wrap elementor-element-populated\">\n\t\t\t\t\t\t\t\t<div class=\"elementor-element elementor-element-c8719b1 elementor-arrows-position-inside elementor-widget elementor-widget-image-carousel\" data-id=\"c8719b1\" data-element_type=\"widget\" data-settings=\"{&quot;slides_to_show&quot;:&quot;1&quot;,&quot;navigation&quot;:&quot;arrows&quot;,&quot;autoplay_speed&quot;:3000,&quot;autoplay&quot;:&quot;yes&quot;,&quot;pause_on_hover&quot;:&quot;yes&quot;,&quot;pause_on_interaction&quot;:&quot;yes&quot;,&quot;infinite&quot;:&quot;yes&quot;,&quot;effect&quot;:&quot;slide&quot;,&quot;speed&quot;:500}\" data-widget_type=\"image-carousel.default\">\n\t\t\t\t<div class=\"elementor-widget-container\">\n\t\t\t<style>\/*! elementor - v3.13.3 - 28-05-2023 *\/\n.elementor-widget-image-carousel .swiper,.elementor-widget-image-carousel .swiper-container{position:static}.elementor-widget-image-carousel .swiper-container .swiper-slide figure,.elementor-widget-image-carousel .swiper .swiper-slide figure{line-height:inherit}.elementor-widget-image-carousel .swiper-slide{text-align:center}.elementor-image-carousel-wrapper:not(.swiper-container-initialized):not(.swiper-initialized) .swiper-slide{max-width:calc(100% \/ var(--e-image-carousel-slides-to-show, 3))}<\/style>\t\t<div class=\"elementor-image-carousel-wrapper swiper\" dir=\"ltr\">\n\t\t\t<div class=\"elementor-image-carousel swiper-wrapper\">\n\t\t\t\t\t\t\t\t<div class=\"swiper-slide\"><figure class=\"swiper-slide-inner\"><img decoding=\"async\" class=\"swiper-slide-image\" src=\"https:\/\/atravesdelpassatge.com\/wp-content\/uploads\/2023\/06\/Sobre-Nosaltres-Slide-1-2.jpg\" alt=\"Sobre-Nosaltres-Slide-1.jpg\" \/><\/figure><\/div><div class=\"swiper-slide\"><figure class=\"swiper-slide-inner\"><img decoding=\"async\" class=\"swiper-slide-image\" src=\"https:\/\/atravesdelpassatge.com\/wp-content\/uploads\/2023\/06\/Sobre-Nosaltres-Slide-2-1.jpg\" alt=\"Sobre-Nosaltres-Slide-2.jpg\" \/><\/figure><\/div><div class=\"swiper-slide\"><figure class=\"swiper-slide-inner\"><img decoding=\"async\" class=\"swiper-slide-image\" src=\"https:\/\/atravesdelpassatge.com\/wp-content\/uploads\/2023\/06\/Sobre-Nosaltres-Slide-3-1.jpg\" alt=\"Sobre-Nosaltres-Slide-3.jpg\" \/><\/figure><\/div><div class=\"swiper-slide\"><figure class=\"swiper-slide-inner\"><img decoding=\"async\" class=\"swiper-slide-image\" src=\"https:\/\/atravesdelpassatge.com\/wp-content\/uploads\/2023\/06\/Sobre-Nosaltres-Slide-4-2.jpg\" alt=\"Sobre-Nosaltres-Slide-4.jpg\" \/><\/figure><\/div>\t\t\t<\/div>\n\t\t\t\t\t\t\t\t\t\t\t\t\t\t\t\t<div class=\"elementor-swiper-button elementor-swiper-button-prev\" role=\"button\" tabindex=\"0\">\n\t\t\t\t\t\t<i aria-hidden=\"true\" class=\"eicon-chevron-left\"><\/i>\t\t\t\t\t\t<span class=\"elementor-screen-only\">Imagen anterior<\/span>\n\t\t\t\t\t<\/div>\n\t\t\t\t\t<div class=\"elementor-swiper-button elementor-swiper-button-next\" role=\"button\" tabindex=\"0\">\n\t\t\t\t\t\t<i aria-hidden=\"true\" class=\"eicon-chevron-right\"><\/i>\t\t\t\t\t\t<span class=\"elementor-screen-only\">Imagen siguiente<\/span>\n\t\t\t\t\t<\/div>\n\t\t\t\t\t\t\t\t\t<\/div>\n\t\t\t\t<\/div>\n\t\t\t\t<\/div>\n\t\t\t\t\t<\/div>\n\t\t<\/div>\n\t\t\t\t\t\t\t<\/div>\n\t\t<\/section>\n\t\t\t\t\t\t\t<\/div>\n\t\t","protected":false},"excerpt":{"rendered":"<p>A Trav\u00e9s del Passatge A veces los proyectos empiezan mucho antes de nosotros saberlo. De muy peque\u00f1a, ya dibuj\u00e9 el pasaje con mucha ilusi\u00f3n. As\u00ed que quiz\u00e1s siempre he cre\u00eddo en lugares as\u00ed y este proyecto comenz\u00f3 de forma inconsciente hace muchos a\u00f1os. Antiguamente se trataba de una casa con un \u00fanico acceso con un [&hellip;]<\/p>\n","protected":false},"author":1,"featured_media":0,"parent":0,"menu_order":0,"comment_status":"closed","ping_status":"closed","template":"template-home.php","meta":{"footnotes":""},"class_list":["post-12139","page","type-page","status-publish","hentry"],"yoast_head":"<!-- This site is optimized with the Yoast SEO plugin v21.4 - https:\/\/yoast.com\/wordpress\/plugins\/seo\/ -->\n<title>Sobre nosotros<\/title>\n<meta name=\"robots\" content=\"index, follow, max-snippet:-1, max-image-preview:large, max-video-preview:-1\" \/>\n<link rel=\"canonical\" href=\"https:\/\/atravesdelpassatge.com\/es\/sobre-nosotros\/\" \/>\n<meta property=\"og:locale\" content=\"es_ES\" \/>\n<meta property=\"og:type\" content=\"article\" \/>\n<meta property=\"og:title\" content=\"Sobre nosotros\" \/>\n<meta property=\"og:description\" content=\"A Trav\u00e9s del Passatge A veces los proyectos empiezan mucho antes de nosotros saberlo. De muy peque\u00f1a, ya dibuj\u00e9 el pasaje con mucha ilusi\u00f3n. As\u00ed que quiz\u00e1s siempre he cre\u00eddo en lugares as\u00ed y este proyecto comenz\u00f3 de forma inconsciente hace muchos a\u00f1os. Antiguamente se trataba de una casa con un \u00fanico acceso con un [&hellip;]\" \/>\n<meta property=\"og:url\" content=\"https:\/\/atravesdelpassatge.com\/es\/sobre-nosotros\/\" \/>\n<meta property=\"og:site_name\" content=\"A trav\u00e9s del passatge\" \/>\n<meta property=\"article:modified_time\" content=\"2024-01-03T18:02:32+00:00\" \/>\n<meta property=\"og:image\" content=\"https:\/\/atravesdelpassatge.com\/wp-content\/uploads\/2023\/06\/Sobre-Nosaltres-Slide-1-2.jpg\" \/>\n<meta name=\"twitter:card\" content=\"summary_large_image\" \/>\n<meta name=\"twitter:label1\" content=\"Tiempo de lectura\" \/>\n\t<meta name=\"twitter:data1\" content=\"2 minutos\" \/>\n<script type=\"application\/ld+json\" class=\"yoast-schema-graph\">{\"@context\":\"https:\/\/schema.org\",\"@graph\":[{\"@type\":\"WebPage\",\"@id\":\"https:\/\/atravesdelpassatge.com\/es\/sobre-nosotros\/\",\"url\":\"https:\/\/atravesdelpassatge.com\/es\/sobre-nosotros\/\",\"name\":\"Sobre nosotros\",\"isPartOf\":{\"@id\":\"https:\/\/atravesdelpassatge.com\/es\/#website\"},\"datePublished\":\"2020-06-10T11:50:41+00:00\",\"dateModified\":\"2024-01-03T18:02:32+00:00\",\"breadcrumb\":{\"@id\":\"https:\/\/atravesdelpassatge.com\/es\/sobre-nosotros\/#breadcrumb\"},\"inLanguage\":\"es\",\"potentialAction\":[{\"@type\":\"ReadAction\",\"target\":[\"https:\/\/atravesdelpassatge.com\/es\/sobre-nosotros\/\"]}]},{\"@type\":\"BreadcrumbList\",\"@id\":\"https:\/\/atravesdelpassatge.com\/es\/sobre-nosotros\/#breadcrumb\",\"itemListElement\":[{\"@type\":\"ListItem\",\"position\":1,\"name\":\"Inici\",\"item\":\"https:\/\/atravesdelpassatge.com\/es\/\"},{\"@type\":\"ListItem\",\"position\":2,\"name\":\"Sobre nosotros\"}]},{\"@type\":\"WebSite\",\"@id\":\"https:\/\/atravesdelpassatge.com\/es\/#website\",\"url\":\"https:\/\/atravesdelpassatge.com\/es\/\",\"name\":\"A trav\u00e9s del passatge\",\"description\":\"\",\"publisher\":{\"@id\":\"https:\/\/atravesdelpassatge.com\/es\/#organization\"},\"potentialAction\":[{\"@type\":\"SearchAction\",\"target\":{\"@type\":\"EntryPoint\",\"urlTemplate\":\"https:\/\/atravesdelpassatge.com\/es\/?s={search_term_string}\"},\"query-input\":\"required name=search_term_string\"}],\"inLanguage\":\"es\"},{\"@type\":\"Organization\",\"@id\":\"https:\/\/atravesdelpassatge.com\/es\/#organization\",\"name\":\"A trav\u00e9s del passatge\",\"url\":\"https:\/\/atravesdelpassatge.com\/es\/\",\"logo\":{\"@type\":\"ImageObject\",\"inLanguage\":\"es\",\"@id\":\"https:\/\/atravesdelpassatge.com\/es\/#\/schema\/logo\/image\/\",\"url\":\"https:\/\/atravesdelpassatge.com\/wp-content\/uploads\/2023\/06\/5_Logo-1.jpg\",\"contentUrl\":\"https:\/\/atravesdelpassatge.com\/wp-content\/uploads\/2023\/06\/5_Logo-1.jpg\",\"width\":1063,\"height\":709,\"caption\":\"A trav\u00e9s del passatge\"},\"image\":{\"@id\":\"https:\/\/atravesdelpassatge.com\/es\/#\/schema\/logo\/image\/\"},\"sameAs\":[\"https:\/\/www.instagram.com\/maria.verdera_arquitecta\",\"https:\/\/linkedin.com\/in\/maria-verdera-garau\"]}]}<\/script>\n<!-- \/ Yoast SEO plugin. -->","yoast_head_json":{"title":"Sobre nosotros","robots":{"index":"index","follow":"follow","max-snippet":"max-snippet:-1","max-image-preview":"max-image-preview:large","max-video-preview":"max-video-preview:-1"},"canonical":"https:\/\/atravesdelpassatge.com\/es\/sobre-nosotros\/","og_locale":"es_ES","og_type":"article","og_title":"Sobre nosotros","og_description":"A Trav\u00e9s del Passatge A veces los proyectos empiezan mucho antes de nosotros saberlo. De muy peque\u00f1a, ya dibuj\u00e9 el pasaje con mucha ilusi\u00f3n. As\u00ed que quiz\u00e1s siempre he cre\u00eddo en lugares as\u00ed y este proyecto comenz\u00f3 de forma inconsciente hace muchos a\u00f1os. Antiguamente se trataba de una casa con un \u00fanico acceso con un [&hellip;]","og_url":"https:\/\/atravesdelpassatge.com\/es\/sobre-nosotros\/","og_site_name":"A trav\u00e9s del passatge","article_modified_time":"2024-01-03T18:02:32+00:00","og_image":[{"url":"https:\/\/atravesdelpassatge.com\/wp-content\/uploads\/2023\/06\/Sobre-Nosaltres-Slide-1-2.jpg"}],"twitter_card":"summary_large_image","twitter_misc":{"Tiempo de lectura":"2 minutos"},"schema":{"@context":"https:\/\/schema.org","@graph":[{"@type":"WebPage","@id":"https:\/\/atravesdelpassatge.com\/es\/sobre-nosotros\/","url":"https:\/\/atravesdelpassatge.com\/es\/sobre-nosotros\/","name":"Sobre nosotros","isPartOf":{"@id":"https:\/\/atravesdelpassatge.com\/es\/#website"},"datePublished":"2020-06-10T11:50:41+00:00","dateModified":"2024-01-03T18:02:32+00:00","breadcrumb":{"@id":"https:\/\/atravesdelpassatge.com\/es\/sobre-nosotros\/#breadcrumb"},"inLanguage":"es","potentialAction":[{"@type":"ReadAction","target":["https:\/\/atravesdelpassatge.com\/es\/sobre-nosotros\/"]}]},{"@type":"BreadcrumbList","@id":"https:\/\/atravesdelpassatge.com\/es\/sobre-nosotros\/#breadcrumb","itemListElement":[{"@type":"ListItem","position":1,"name":"Inici","item":"https:\/\/atravesdelpassatge.com\/es\/"},{"@type":"ListItem","position":2,"name":"Sobre nosotros"}]},{"@type":"WebSite","@id":"https:\/\/atravesdelpassatge.com\/es\/#website","url":"https:\/\/atravesdelpassatge.com\/es\/","name":"A trav\u00e9s del passatge","description":"","publisher":{"@id":"https:\/\/atravesdelpassatge.com\/es\/#organization"},"potentialAction":[{"@type":"SearchAction","target":{"@type":"EntryPoint","urlTemplate":"https:\/\/atravesdelpassatge.com\/es\/?s={search_term_string}"},"query-input":"required name=search_term_string"}],"inLanguage":"es"},{"@type":"Organization","@id":"https:\/\/atravesdelpassatge.com\/es\/#organization","name":"A trav\u00e9s del passatge","url":"https:\/\/atravesdelpassatge.com\/es\/","logo":{"@type":"ImageObject","inLanguage":"es","@id":"https:\/\/atravesdelpassatge.com\/es\/#\/schema\/logo\/image\/","url":"https:\/\/atravesdelpassatge.com\/wp-content\/uploads\/2023\/06\/5_Logo-1.jpg","contentUrl":"https:\/\/atravesdelpassatge.com\/wp-content\/uploads\/2023\/06\/5_Logo-1.jpg","width":1063,"height":709,"caption":"A trav\u00e9s del passatge"},"image":{"@id":"https:\/\/atravesdelpassatge.com\/es\/#\/schema\/logo\/image\/"},"sameAs":["https:\/\/www.instagram.com\/maria.verdera_arquitecta","https:\/\/linkedin.com\/in\/maria-verdera-garau"]}]}},"_links":{"self":[{"href":"https:\/\/atravesdelpassatge.com\/es\/wp-json\/wp\/v2\/pages\/12139","targetHints":{"allow":["GET"]}}],"collection":[{"href":"https:\/\/atravesdelpassatge.com\/es\/wp-json\/wp\/v2\/pages"}],"about":[{"href":"https:\/\/atravesdelpassatge.com\/es\/wp-json\/wp\/v2\/types\/page"}],"author":[{"embeddable":true,"href":"https:\/\/atravesdelpassatge.com\/es\/wp-json\/wp\/v2\/users\/1"}],"replies":[{"embeddable":true,"href":"https:\/\/atravesdelpassatge.com\/es\/wp-json\/wp\/v2\/comments?post=12139"}],"version-history":[{"count":24,"href":"https:\/\/atravesdelpassatge.com\/es\/wp-json\/wp\/v2\/pages\/12139\/revisions"}],"predecessor-version":[{"id":13644,"href":"https:\/\/atravesdelpassatge.com\/es\/wp-json\/wp\/v2\/pages\/12139\/revisions\/13644"}],"wp:attachment":[{"href":"https:\/\/atravesdelpassatge.com\/es\/wp-json\/wp\/v2\/media?parent=12139"}],"curies":[{"name":"wp","href":"https:\/\/api.w.org\/{rel}","templated":true}]}}