{"id":12156,"date":"2020-10-05T15:42:25","date_gmt":"2020-10-05T15:42:25","guid":{"rendered":"https:\/\/atravesdelpassatge.com\/?page_id=12156"},"modified":"2024-01-03T17:59:25","modified_gmt":"2024-01-03T17:59:25","slug":"servicios","status":"publish","type":"page","link":"https:\/\/atravesdelpassatge.com\/es\/servicios\/","title":{"rendered":"Servicios"},"content":{"rendered":"\t\t<div data-elementor-type=\"wp-page\" data-elementor-id=\"12156\" class=\"elementor elementor-12156 elementor-1884\">\n\t\t\t\t\t\t\t\t\t<section class=\"elementor-section elementor-top-section elementor-element elementor-element-15fb6b0 elementor-section-boxed elementor-section-height-default elementor-section-height-default\" data-id=\"15fb6b0\" data-element_type=\"section\">\n\t\t\t\t\t\t<div class=\"elementor-container elementor-column-gap-default\">\n\t\t\t\t\t<div class=\"elementor-column elementor-col-100 elementor-top-column elementor-element elementor-element-444e847\" data-id=\"444e847\" data-element_type=\"column\">\n\t\t\t<div class=\"elementor-widget-wrap elementor-element-populated\">\n\t\t\t\t\t\t\t\t<div class=\"elementor-element elementor-element-94f4d03 elementor-widget elementor-widget-heading\" data-id=\"94f4d03\" data-element_type=\"widget\" data-widget_type=\"heading.default\">\n\t\t\t\t<div class=\"elementor-widget-container\">\n\t\t\t<style>\/*! elementor - v3.13.3 - 28-05-2023 *\/\n.elementor-heading-title{padding:0;margin:0;line-height:1}.elementor-widget-heading .elementor-heading-title[class*=elementor-size-]>a{color:inherit;font-size:inherit;line-height:inherit}.elementor-widget-heading .elementor-heading-title.elementor-size-small{font-size:15px}.elementor-widget-heading .elementor-heading-title.elementor-size-medium{font-size:19px}.elementor-widget-heading .elementor-heading-title.elementor-size-large{font-size:29px}.elementor-widget-heading .elementor-heading-title.elementor-size-xl{font-size:39px}.elementor-widget-heading .elementor-heading-title.elementor-size-xxl{font-size:59px}<\/style><h1 class=\"elementor-heading-title elementor-size-default\">Nuestros servicios de arquitectura<\/h1>\t\t<\/div>\n\t\t\t\t<\/div>\n\t\t\t\t\t<\/div>\n\t\t<\/div>\n\t\t\t\t\t\t\t<\/div>\n\t\t<\/section>\n\t\t\t\t<section class=\"elementor-section elementor-top-section elementor-element elementor-element-95349b3 elementor-section-boxed elementor-section-height-default elementor-section-height-default\" data-id=\"95349b3\" data-element_type=\"section\" data-settings=\"{&quot;background_background&quot;:&quot;classic&quot;}\">\n\t\t\t\t\t\t<div class=\"elementor-container elementor-column-gap-default\">\n\t\t\t\t\t<div class=\"elementor-column elementor-col-100 elementor-top-column elementor-element elementor-element-08b9d29\" data-id=\"08b9d29\" data-element_type=\"column\">\n\t\t\t<div class=\"elementor-widget-wrap elementor-element-populated\">\n\t\t\t\t\t\t\t\t<section class=\"elementor-section elementor-inner-section elementor-element elementor-element-e8d1c9d elementor-section-boxed elementor-section-height-default elementor-section-height-default\" data-id=\"e8d1c9d\" data-element_type=\"section\">\n\t\t\t\t\t\t<div class=\"elementor-container elementor-column-gap-default\">\n\t\t\t\t\t<div class=\"elementor-column elementor-col-50 elementor-inner-column elementor-element elementor-element-d6072a6\" data-id=\"d6072a6\" data-element_type=\"column\">\n\t\t\t<div class=\"elementor-widget-wrap elementor-element-populated\">\n\t\t\t\t\t\t\t\t<div class=\"elementor-element elementor-element-e07569b elementor-widget elementor-widget-witr_section_service\" data-id=\"e07569b\" data-element_type=\"widget\" data-widget_type=\"witr_section_service.default\">\n\t\t\t\t<div class=\"elementor-widget-container\">\n\t\t\t\t\n\t\t\n\t\t\t<div class=\"em-service2 sleft all_color_service\">\n\t\t\t\t<div class=\"em_service_content \">\n\t\t\t\t\t<div class=\"em_single_service_text width_height_link_0 \">\n\t\t\t\t\t\t<div class=\"service_top_image\">\n\t\t\t\t\t\t\t<!-- image -->\n\t\t\t\t\t\t\t\t\t\t\n\t\t\t\t\t\t<\/div>\n\t\t\t\t\t\t<div class=\"text_box witr_s_flex\">\n\t\t\t\t\t\t\t<div class=\"service_top_text all_icon_color\">\n\t\t\t\t\t\t\t\t<div class=\"em-service-icon\">\n\t\t\t\t\t\t\t\t\t<!-- icon -->\n\t\t\t\t\t\t\t\t\t\t\t\t\t\t\n\t\t\t\t\t\t\t\t\t<!-- custom icon -->\n\t\t\t\t\t\t\t\t\t\t\t\t\t\t\t\t\t\t<!-- image -->\n\t\t\t\t\t\t\t\t\t\t\t\t\t\t\t\t\t\t\t<img decoding=\"async\" src=\"https:\/\/atravesdelpassatge.com\/wp-content\/uploads\/2023\/06\/1Emoticono.png\" alt=\"\" \/>\n\t\t\t\t\t\t\t\t\t\t\t\t\t\n\t\t\t\t\t\t\t\t<\/div>\t\t\t\n\t\t\t\t\t\t\t<\/div>\n\t\t\t\t\t\t\t<div class=\"em-service-inner\">\n\t\t\t\t\t\t\t\t<div class=\"em-service-title\">\n\t\t\t\t\t\t\t\t\t<!-- title -->\n\t\t\t\t\t\t\t\t\t\t\t\t\t\t\t\t\t\t\t\t\t\t\t\t\t\t\t<h3>Edificaci\u00f3n: Obra nueva <\/h3>\n\t\t\t\t\t\t\t\t\t\t\t\t\t\t\t\t\t\t\t\t\t\t\t\t\t\t\t<!-- content -->\n\t\t\t\t\t\t\t\t<\/div>\t\t\t\t\t\t\n\t\t\t\t\t\t\t\t<div class=\"em-service-desc\">\n\t\t\t\t\t\t\t\t\t\t\t\t\t\t\t\t\t\t\t<p><ul>\n<li><i class=\"icofont-tick-mark\"><\/i> Dise\u00f1o t\u00e9cnico<\/li>\n<li><i class=\"icofont-tick-mark\"><\/i> Direcci\u00f3n de obra<\/li>\n<li><i class=\"icofont-tick-mark\"><\/i> Interiorismo<\/li>\n<\/ul>\n <\/p>\t\t\n\t\t\t\t\t\t\t\t\t\t\t\t\t\t\t\t\t<\/div>\n\t\t\t\t\t\t\t\t<!-- button -->\n\t\t\t\t\t\t\t\t\t\t\t\t\n\t\t\t\t\t\t\t<\/div>\n\t\t\t\t\t\t<\/div>\n\t\t\t\t\t<\/div>\n\t\t\t\t<\/div>\n\t\t\t<\/div>\t\t\t\n\n\t\t\t\t\n\t\t\t\t<\/div>\n\t\t\t\t<\/div>\n\t\t\t\t\t<\/div>\n\t\t<\/div>\n\t\t\t\t<div class=\"elementor-column elementor-col-50 elementor-inner-column elementor-element elementor-element-327fbfc\" data-id=\"327fbfc\" data-element_type=\"column\">\n\t\t\t<div class=\"elementor-widget-wrap elementor-element-populated\">\n\t\t\t\t\t\t\t\t<div class=\"elementor-element elementor-element-254f284 akin-star-rating--align-center elementor-widget elementor-widget-witr_section_service\" data-id=\"254f284\" data-element_type=\"widget\" data-widget_type=\"witr_section_service.default\">\n\t\t\t\t<div class=\"elementor-widget-container\">\n\t\t\t\t\n\t\t\n\t\t\t<div class=\"em-service2 sleft all_color_service\">\n\t\t\t\t<div class=\"em_service_content \">\n\t\t\t\t\t<div class=\"em_single_service_text width_height_link_0 \">\n\t\t\t\t\t\t<div class=\"service_top_image\">\n\t\t\t\t\t\t\t<!-- image -->\n\t\t\t\t\t\t\t\t\t\t\n\t\t\t\t\t\t<\/div>\n\t\t\t\t\t\t<div class=\"text_box witr_s_flex\">\n\t\t\t\t\t\t\t<div class=\"service_top_text all_icon_color\">\n\t\t\t\t\t\t\t\t<div class=\"em-service-icon\">\n\t\t\t\t\t\t\t\t\t<!-- icon -->\n\t\t\t\t\t\t\t\t\t\t\t\t\t\t\n\t\t\t\t\t\t\t\t\t<!-- custom icon -->\n\t\t\t\t\t\t\t\t\t\t\t\t\t\t\t\t\t\t<!-- image -->\n\t\t\t\t\t\t\t\t\t\t\t\t\t\t\t\t\t\t\t<img decoding=\"async\" src=\"https:\/\/atravesdelpassatge.com\/wp-content\/uploads\/2023\/06\/2Emoticono.png\" alt=\"\" \/>\n\t\t\t\t\t\t\t\t\t\t\t\t\t\n\t\t\t\t\t\t\t\t<\/div>\t\t\t\n\t\t\t\t\t\t\t<\/div>\n\t\t\t\t\t\t\t<div class=\"em-service-inner\">\n\t\t\t\t\t\t\t\t<div class=\"em-service-title\">\n\t\t\t\t\t\t\t\t\t<!-- title -->\n\t\t\t\t\t\t\t\t\t\t\t\t\t\t\t\t\t\t\t\t\t\t\t\t\t\t\t<h3>Edificaci\u00f3n: Rehabilitaci\u00f3n y reforma <\/h3>\n\t\t\t\t\t\t\t\t\t\t\t\t\t\t\t\t\t\t\t\t\t\t\t\t\t\t\t<!-- content -->\n\t\t\t\t\t\t\t\t<\/div>\t\t\t\t\t\t\n\t\t\t\t\t\t\t\t<div class=\"em-service-desc\">\n\t\t\t\t\t\t\t\t\t\t\t\t\t\t\t\t\t\t\t<p><ul>\n<li><i class=\"icofont-tick-mark\"><\/i> Reformas parciales o integrales<\/li>\n<li><i class=\"icofont-tick-mark\"><\/i> Cambio de uso<\/li>\n<li><i class=\"icofont-tick-mark\"><\/i> Legalizaci\u00f3n<\/li>\n<\/ul>\n <\/p>\t\t\n\t\t\t\t\t\t\t\t\t\t\t\t\t\t\t\t\t<\/div>\n\t\t\t\t\t\t\t\t<!-- button -->\n\t\t\t\t\t\t\t\t\t\t\t\t\n\t\t\t\t\t\t\t<\/div>\n\t\t\t\t\t\t<\/div>\n\t\t\t\t\t<\/div>\n\t\t\t\t<\/div>\n\t\t\t<\/div>\t\t\t\n\n\t\t\t\t\n\t\t\t\t<\/div>\n\t\t\t\t<\/div>\n\t\t\t\t\t<\/div>\n\t\t<\/div>\n\t\t\t\t\t\t\t<\/div>\n\t\t<\/section>\n\t\t\t\t<section class=\"elementor-section elementor-inner-section elementor-element elementor-element-6246092 elementor-section-boxed elementor-section-height-default elementor-section-height-default\" data-id=\"6246092\" data-element_type=\"section\">\n\t\t\t\t\t\t<div class=\"elementor-container elementor-column-gap-default\">\n\t\t\t\t\t<div class=\"elementor-column elementor-col-50 elementor-inner-column elementor-element elementor-element-045a7ee\" data-id=\"045a7ee\" data-element_type=\"column\">\n\t\t\t<div class=\"elementor-widget-wrap elementor-element-populated\">\n\t\t\t\t\t\t\t\t<div class=\"elementor-element elementor-element-7399579 akin-star-rating--align-center elementor-widget elementor-widget-witr_section_service\" data-id=\"7399579\" data-element_type=\"widget\" data-widget_type=\"witr_section_service.default\">\n\t\t\t\t<div class=\"elementor-widget-container\">\n\t\t\t\t\n\t\t\n\t\t\t<div class=\"em-service2 sleft all_color_service\">\n\t\t\t\t<div class=\"em_service_content \">\n\t\t\t\t\t<div class=\"em_single_service_text width_height_link_0 \">\n\t\t\t\t\t\t<div class=\"service_top_image\">\n\t\t\t\t\t\t\t<!-- image -->\n\t\t\t\t\t\t\t\t\t\t\n\t\t\t\t\t\t<\/div>\n\t\t\t\t\t\t<div class=\"text_box witr_s_flex\">\n\t\t\t\t\t\t\t<div class=\"service_top_text all_icon_color\">\n\t\t\t\t\t\t\t\t<div class=\"em-service-icon\">\n\t\t\t\t\t\t\t\t\t<!-- icon -->\n\t\t\t\t\t\t\t\t\t\t\t\t\t\t\n\t\t\t\t\t\t\t\t\t<!-- custom icon -->\n\t\t\t\t\t\t\t\t\t\t\t\t\t\t\t\t\t\t<!-- image -->\n\t\t\t\t\t\t\t\t\t\t\t\t\t\t\t\t\t\t\t<img decoding=\"async\" src=\"https:\/\/atravesdelpassatge.com\/wp-content\/uploads\/2023\/06\/3Emoticono.png\" alt=\"\" \/>\n\t\t\t\t\t\t\t\t\t\t\t\t\t\n\t\t\t\t\t\t\t\t<\/div>\t\t\t\n\t\t\t\t\t\t\t<\/div>\n\t\t\t\t\t\t\t<div class=\"em-service-inner\">\n\t\t\t\t\t\t\t\t<div class=\"em-service-title\">\n\t\t\t\t\t\t\t\t\t<!-- title -->\n\t\t\t\t\t\t\t\t\t\t\t\t\t\t\t\t\t\t\t\t\t\t\t\t\t\t\t<h3>Urbanismo <\/h3>\n\t\t\t\t\t\t\t\t\t\t\t\t\t\t\t\t\t\t\t\t\t\t\t\t\t\t\t<!-- content -->\n\t\t\t\t\t\t\t\t<\/div>\t\t\t\t\t\t\n\t\t\t\t\t\t\t\t<div class=\"em-service-desc\">\n\t\t\t\t\t\t\t\t\t\t\t\t\t\t\t\t\t\t\t<p><ul>\n<li><i class=\"icofont-tick-mark\"><\/i> Proyecto de agrupaci\u00f3n<\/li>\n<li><i class=\"icofont-tick-mark\"><\/i> Proyecto de parcelaci\u00f3n<\/li>\n<\/ul> <\/p>\t\t\n\t\t\t\t\t\t\t\t\t\t\t\t\t\t\t\t\t<\/div>\n\t\t\t\t\t\t\t\t<!-- button -->\n\t\t\t\t\t\t\t\t\t\t\t\t\n\t\t\t\t\t\t\t<\/div>\n\t\t\t\t\t\t<\/div>\n\t\t\t\t\t<\/div>\n\t\t\t\t<\/div>\n\t\t\t<\/div>\t\t\t\n\n\t\t\t\t\n\t\t\t\t<\/div>\n\t\t\t\t<\/div>\n\t\t\t\t\t<\/div>\n\t\t<\/div>\n\t\t\t\t<div class=\"elementor-column elementor-col-50 elementor-inner-column elementor-element elementor-element-859b3b2\" data-id=\"859b3b2\" data-element_type=\"column\">\n\t\t\t<div class=\"elementor-widget-wrap elementor-element-populated\">\n\t\t\t\t\t\t\t\t<div class=\"elementor-element elementor-element-1379662 akin-star-rating--align-center elementor-widget elementor-widget-witr_section_service\" data-id=\"1379662\" data-element_type=\"widget\" data-widget_type=\"witr_section_service.default\">\n\t\t\t\t<div class=\"elementor-widget-container\">\n\t\t\t\t\n\t\t\n\t\t\t<div class=\"em-service2 sleft all_color_service\">\n\t\t\t\t<div class=\"em_service_content \">\n\t\t\t\t\t<div class=\"em_single_service_text width_height_link_0 \">\n\t\t\t\t\t\t<div class=\"service_top_image\">\n\t\t\t\t\t\t\t<!-- image -->\n\t\t\t\t\t\t\t\t\t\t\n\t\t\t\t\t\t<\/div>\n\t\t\t\t\t\t<div class=\"text_box witr_s_flex\">\n\t\t\t\t\t\t\t<div class=\"service_top_text all_icon_color\">\n\t\t\t\t\t\t\t\t<div class=\"em-service-icon\">\n\t\t\t\t\t\t\t\t\t<!-- icon -->\n\t\t\t\t\t\t\t\t\t\t\t\t\t\t\n\t\t\t\t\t\t\t\t\t<!-- custom icon -->\n\t\t\t\t\t\t\t\t\t\t\t\t\t\t\t\t\t\t<!-- image -->\n\t\t\t\t\t\t\t\t\t\t\t\t\t\t\t\t\t\t\t<img decoding=\"async\" src=\"https:\/\/atravesdelpassatge.com\/wp-content\/uploads\/2023\/06\/4Emoticono.png\" alt=\"\" \/>\n\t\t\t\t\t\t\t\t\t\t\t\t\t\n\t\t\t\t\t\t\t\t<\/div>\t\t\t\n\t\t\t\t\t\t\t<\/div>\n\t\t\t\t\t\t\t<div class=\"em-service-inner\">\n\t\t\t\t\t\t\t\t<div class=\"em-service-title\">\n\t\t\t\t\t\t\t\t\t<!-- title -->\n\t\t\t\t\t\t\t\t\t\t\t\t\t\t\t\t\t\t\t\t\t\t\t\t\t\t\t<h3>Otros trabajos <\/h3>\n\t\t\t\t\t\t\t\t\t\t\t\t\t\t\t\t\t\t\t\t\t\t\t\t\t\t\t<!-- content -->\n\t\t\t\t\t\t\t\t<\/div>\t\t\t\t\t\t\n\t\t\t\t\t\t\t\t<div class=\"em-service-desc\">\n\t\t\t\t\t\t\t\t\t\t\t\t\t\t\t\t\t\t\t<p><ul>\n<li><i class=\"icofont-tick-mark\"><\/i> C\u00e9dula de habitabilidad<\/li>\n<li><i class=\"icofont-tick-mark\"><\/i> Certificado de eficiencia energ\u00e9tica<\/li>\n<li><i class=\"icofont-tick-mark\"><\/i> Inspecci\u00f3n T\u00e9cnica de Edificios (ITE)<\/li>\n<li><i class=\"icofont-tick-mark\"><\/i>Estudio de Seguridad y Salud<\/li>\n<li><i class=\"icofont-tick-mark\"><\/i> Proyecto de Actividades<\/li>\n<li><i class=\"icofont-tick-mark\"><\/i> Valoraci\u00f3n de bienes inmuebles<\/li>\n<\/ul>\n <\/p>\t\t\n\t\t\t\t\t\t\t\t\t\t\t\t\t\t\t\t\t<\/div>\n\t\t\t\t\t\t\t\t<!-- button -->\n\t\t\t\t\t\t\t\t\t\t\t\t\n\t\t\t\t\t\t\t<\/div>\n\t\t\t\t\t\t<\/div>\n\t\t\t\t\t<\/div>\n\t\t\t\t<\/div>\n\t\t\t<\/div>\t\t\t\n\n\t\t\t\t\n\t\t\t\t<\/div>\n\t\t\t\t<\/div>\n\t\t\t\t\t<\/div>\n\t\t<\/div>\n\t\t\t\t\t\t\t<\/div>\n\t\t<\/section>\n\t\t\t\t\t<\/div>\n\t\t<\/div>\n\t\t\t\t\t\t\t<\/div>\n\t\t<\/section>\n\t\t\t\t\t\t\t<\/div>\n\t\t","protected":false},"excerpt":{"rendered":"<p>Nuestros servicios de arquitectura Edificaci\u00f3n: Obra nueva Dise\u00f1o t\u00e9cnico Direcci\u00f3n de obra Interiorismo Edificaci\u00f3n: Rehabilitaci\u00f3n y reforma Reformas parciales o integrales Cambio de uso Legalizaci\u00f3n Urbanismo Proyecto de agrupaci\u00f3n Proyecto de parcelaci\u00f3n Otros trabajos C\u00e9dula de habitabilidad Certificado de eficiencia energ\u00e9tica Inspecci\u00f3n T\u00e9cnica de Edificios (ITE) Estudio de Seguridad y Salud Proyecto de Actividades Valoraci\u00f3n [&hellip;]<\/p>\n","protected":false},"author":1,"featured_media":0,"parent":0,"menu_order":0,"comment_status":"closed","ping_status":"closed","template":"template-home.php","meta":{"footnotes":""},"class_list":["post-12156","page","type-page","status-publish","hentry"],"yoast_head":"<!-- This site is optimized with the Yoast SEO plugin v21.4 - https:\/\/yoast.com\/wordpress\/plugins\/seo\/ -->\n<title>Servicios<\/title>\n<meta name=\"description\" content=\"Renovaci\u00f3n y rehabilitaci\u00f3n de edificios. \u00a1Mejora tu propiedad hoy mismo!\" \/>\n<meta name=\"robots\" content=\"index, follow, max-snippet:-1, max-image-preview:large, max-video-preview:-1\" \/>\n<link rel=\"canonical\" href=\"https:\/\/atravesdelpassatge.com\/es\/servicios\/\" \/>\n<meta property=\"og:locale\" content=\"es_ES\" \/>\n<meta property=\"og:type\" content=\"article\" \/>\n<meta property=\"og:title\" content=\"Servicios\" \/>\n<meta property=\"og:description\" content=\"Renovaci\u00f3n y rehabilitaci\u00f3n de edificios. \u00a1Mejora tu propiedad hoy mismo!\" \/>\n<meta property=\"og:url\" content=\"https:\/\/atravesdelpassatge.com\/es\/servicios\/\" \/>\n<meta property=\"og:site_name\" content=\"A trav\u00e9s del passatge\" \/>\n<meta property=\"article:modified_time\" content=\"2024-01-03T17:59:25+00:00\" \/>\n<meta property=\"og:image\" content=\"https:\/\/atravesdelpassatge.com\/wp-content\/uploads\/2023\/06\/1Emoticono.png\" \/>\n<meta name=\"twitter:card\" content=\"summary_large_image\" \/>\n<meta name=\"twitter:label1\" content=\"Tiempo de lectura\" \/>\n\t<meta name=\"twitter:data1\" content=\"2 minutos\" \/>\n<script type=\"application\/ld+json\" class=\"yoast-schema-graph\">{\"@context\":\"https:\/\/schema.org\",\"@graph\":[{\"@type\":\"WebPage\",\"@id\":\"https:\/\/atravesdelpassatge.com\/es\/servicios\/\",\"url\":\"https:\/\/atravesdelpassatge.com\/es\/servicios\/\",\"name\":\"Servicios\",\"isPartOf\":{\"@id\":\"https:\/\/atravesdelpassatge.com\/es\/#website\"},\"datePublished\":\"2020-10-05T15:42:25+00:00\",\"dateModified\":\"2024-01-03T17:59:25+00:00\",\"description\":\"Renovaci\u00f3n y rehabilitaci\u00f3n de edificios. \u00a1Mejora tu propiedad hoy mismo!\",\"breadcrumb\":{\"@id\":\"https:\/\/atravesdelpassatge.com\/es\/servicios\/#breadcrumb\"},\"inLanguage\":\"es\",\"potentialAction\":[{\"@type\":\"ReadAction\",\"target\":[\"https:\/\/atravesdelpassatge.com\/es\/servicios\/\"]}]},{\"@type\":\"BreadcrumbList\",\"@id\":\"https:\/\/atravesdelpassatge.com\/es\/servicios\/#breadcrumb\",\"itemListElement\":[{\"@type\":\"ListItem\",\"position\":1,\"name\":\"Inici\",\"item\":\"https:\/\/atravesdelpassatge.com\/es\/\"},{\"@type\":\"ListItem\",\"position\":2,\"name\":\"Servicios\"}]},{\"@type\":\"WebSite\",\"@id\":\"https:\/\/atravesdelpassatge.com\/es\/#website\",\"url\":\"https:\/\/atravesdelpassatge.com\/es\/\",\"name\":\"A trav\u00e9s del passatge\",\"description\":\"\",\"publisher\":{\"@id\":\"https:\/\/atravesdelpassatge.com\/es\/#organization\"},\"potentialAction\":[{\"@type\":\"SearchAction\",\"target\":{\"@type\":\"EntryPoint\",\"urlTemplate\":\"https:\/\/atravesdelpassatge.com\/es\/?s={search_term_string}\"},\"query-input\":\"required name=search_term_string\"}],\"inLanguage\":\"es\"},{\"@type\":\"Organization\",\"@id\":\"https:\/\/atravesdelpassatge.com\/es\/#organization\",\"name\":\"A trav\u00e9s del passatge\",\"url\":\"https:\/\/atravesdelpassatge.com\/es\/\",\"logo\":{\"@type\":\"ImageObject\",\"inLanguage\":\"es\",\"@id\":\"https:\/\/atravesdelpassatge.com\/es\/#\/schema\/logo\/image\/\",\"url\":\"https:\/\/atravesdelpassatge.com\/wp-content\/uploads\/2023\/06\/5_Logo-1.jpg\",\"contentUrl\":\"https:\/\/atravesdelpassatge.com\/wp-content\/uploads\/2023\/06\/5_Logo-1.jpg\",\"width\":1063,\"height\":709,\"caption\":\"A trav\u00e9s del passatge\"},\"image\":{\"@id\":\"https:\/\/atravesdelpassatge.com\/es\/#\/schema\/logo\/image\/\"},\"sameAs\":[\"https:\/\/www.instagram.com\/maria.verdera_arquitecta\",\"https:\/\/linkedin.com\/in\/maria-verdera-garau\"]}]}<\/script>\n<!-- \/ Yoast SEO plugin. -->","yoast_head_json":{"title":"Servicios","description":"Renovaci\u00f3n y rehabilitaci\u00f3n de edificios. \u00a1Mejora tu propiedad hoy mismo!","robots":{"index":"index","follow":"follow","max-snippet":"max-snippet:-1","max-image-preview":"max-image-preview:large","max-video-preview":"max-video-preview:-1"},"canonical":"https:\/\/atravesdelpassatge.com\/es\/servicios\/","og_locale":"es_ES","og_type":"article","og_title":"Servicios","og_description":"Renovaci\u00f3n y rehabilitaci\u00f3n de edificios. \u00a1Mejora tu propiedad hoy mismo!","og_url":"https:\/\/atravesdelpassatge.com\/es\/servicios\/","og_site_name":"A trav\u00e9s del passatge","article_modified_time":"2024-01-03T17:59:25+00:00","og_image":[{"url":"https:\/\/atravesdelpassatge.com\/wp-content\/uploads\/2023\/06\/1Emoticono.png"}],"twitter_card":"summary_large_image","twitter_misc":{"Tiempo de lectura":"2 minutos"},"schema":{"@context":"https:\/\/schema.org","@graph":[{"@type":"WebPage","@id":"https:\/\/atravesdelpassatge.com\/es\/servicios\/","url":"https:\/\/atravesdelpassatge.com\/es\/servicios\/","name":"Servicios","isPartOf":{"@id":"https:\/\/atravesdelpassatge.com\/es\/#website"},"datePublished":"2020-10-05T15:42:25+00:00","dateModified":"2024-01-03T17:59:25+00:00","description":"Renovaci\u00f3n y rehabilitaci\u00f3n de edificios. \u00a1Mejora tu propiedad hoy mismo!","breadcrumb":{"@id":"https:\/\/atravesdelpassatge.com\/es\/servicios\/#breadcrumb"},"inLanguage":"es","potentialAction":[{"@type":"ReadAction","target":["https:\/\/atravesdelpassatge.com\/es\/servicios\/"]}]},{"@type":"BreadcrumbList","@id":"https:\/\/atravesdelpassatge.com\/es\/servicios\/#breadcrumb","itemListElement":[{"@type":"ListItem","position":1,"name":"Inici","item":"https:\/\/atravesdelpassatge.com\/es\/"},{"@type":"ListItem","position":2,"name":"Servicios"}]},{"@type":"WebSite","@id":"https:\/\/atravesdelpassatge.com\/es\/#website","url":"https:\/\/atravesdelpassatge.com\/es\/","name":"A trav\u00e9s del passatge","description":"","publisher":{"@id":"https:\/\/atravesdelpassatge.com\/es\/#organization"},"potentialAction":[{"@type":"SearchAction","target":{"@type":"EntryPoint","urlTemplate":"https:\/\/atravesdelpassatge.com\/es\/?s={search_term_string}"},"query-input":"required name=search_term_string"}],"inLanguage":"es"},{"@type":"Organization","@id":"https:\/\/atravesdelpassatge.com\/es\/#organization","name":"A trav\u00e9s del passatge","url":"https:\/\/atravesdelpassatge.com\/es\/","logo":{"@type":"ImageObject","inLanguage":"es","@id":"https:\/\/atravesdelpassatge.com\/es\/#\/schema\/logo\/image\/","url":"https:\/\/atravesdelpassatge.com\/wp-content\/uploads\/2023\/06\/5_Logo-1.jpg","contentUrl":"https:\/\/atravesdelpassatge.com\/wp-content\/uploads\/2023\/06\/5_Logo-1.jpg","width":1063,"height":709,"caption":"A trav\u00e9s del passatge"},"image":{"@id":"https:\/\/atravesdelpassatge.com\/es\/#\/schema\/logo\/image\/"},"sameAs":["https:\/\/www.instagram.com\/maria.verdera_arquitecta","https:\/\/linkedin.com\/in\/maria-verdera-garau"]}]}},"_links":{"self":[{"href":"https:\/\/atravesdelpassatge.com\/es\/wp-json\/wp\/v2\/pages\/12156","targetHints":{"allow":["GET"]}}],"collection":[{"href":"https:\/\/atravesdelpassatge.com\/es\/wp-json\/wp\/v2\/pages"}],"about":[{"href":"https:\/\/atravesdelpassatge.com\/es\/wp-json\/wp\/v2\/types\/page"}],"author":[{"embeddable":true,"href":"https:\/\/atravesdelpassatge.com\/es\/wp-json\/wp\/v2\/users\/1"}],"replies":[{"embeddable":true,"href":"https:\/\/atravesdelpassatge.com\/es\/wp-json\/wp\/v2\/comments?post=12156"}],"version-history":[{"count":36,"href":"https:\/\/atravesdelpassatge.com\/es\/wp-json\/wp\/v2\/pages\/12156\/revisions"}],"predecessor-version":[{"id":13282,"href":"https:\/\/atravesdelpassatge.com\/es\/wp-json\/wp\/v2\/pages\/12156\/revisions\/13282"}],"wp:attachment":[{"href":"https:\/\/atravesdelpassatge.com\/es\/wp-json\/wp\/v2\/media?parent=12156"}],"curies":[{"name":"wp","href":"https:\/\/api.w.org\/{rel}","templated":true}]}}